{"id":249,"date":"2022-10-19T09:39:25","date_gmt":"2022-10-19T07:39:25","guid":{"rendered":"https:\/\/hausbroichtal.de\/appartement-3\/"},"modified":"2022-10-19T14:33:06","modified_gmt":"2022-10-19T12:33:06","slug":"appartement-3","status":"publish","type":"page","link":"https:\/\/hausbroichtal.de\/nl\/appartements\/appartement-3\/","title":{"rendered":"Appartement 3"},"content":{"rendered":"\n<div class=\"wrapper container\" style=\"padding: 150px 15px 50px 15px\">\n\n\t\n\n<div class=\"row\">\n\n\t<div class=\"col-lg-12\">\n\n\t\t<div class=\"textwrap\" style=\"column-count: 1\">\n\n\t\t\t<h1>Appartement 3<\/h1>\n\n\t\t<\/div>\n\n\t<\/div>\n\n<\/div>\n\n<div class=\"row\">\n\n\t<div class=\"col-lg-12\">\n\n\t\t<div class=\"appartement-gallerywrap-main\">\n\n\t\t\t\n\t\t\t\t\t<div class=\"appartement-imagewrap\">\n\n\t\t\t\t\t\t<img decoding=\"async\" src=\"https:\/\/hausbroichtal.de\/wp-content\/uploads\/2022\/10\/3_01.jpg\" alt=\"\">\n\n\t\t\t\t\t\t<span class=\"appartement-image_title\">3_01<\/span>\n\t\t\t\t\t<\/div>\n\n\t\t\t\t\n\t\t\t\t\t<div class=\"appartement-imagewrap\">\n\n\t\t\t\t\t\t<img decoding=\"async\" src=\"https:\/\/hausbroichtal.de\/wp-content\/uploads\/2022\/10\/3_02.jpg\" alt=\"\">\n\n\t\t\t\t\t\t<span class=\"appartement-image_title\">3_02<\/span>\n\t\t\t\t\t<\/div>\n\n\t\t\t\t\n\t\t\t\t\t<div class=\"appartement-imagewrap\">\n\n\t\t\t\t\t\t<img decoding=\"async\" src=\"https:\/\/hausbroichtal.de\/wp-content\/uploads\/2022\/10\/3_03.jpg\" alt=\"\">\n\n\t\t\t\t\t\t<span class=\"appartement-image_title\">3_03<\/span>\n\t\t\t\t\t<\/div>\n\n\t\t\t\t\n\t\t\t\t\t<div class=\"appartement-imagewrap\">\n\n\t\t\t\t\t\t<img decoding=\"async\" src=\"https:\/\/hausbroichtal.de\/wp-content\/uploads\/2022\/10\/3_04.jpg\" alt=\"\">\n\n\t\t\t\t\t\t<span class=\"appartement-image_title\">3_04<\/span>\n\t\t\t\t\t<\/div>\n\n\t\t\t\t\n\t\t\t\t\t<div class=\"appartement-imagewrap\">\n\n\t\t\t\t\t\t<img decoding=\"async\" src=\"https:\/\/hausbroichtal.de\/wp-content\/uploads\/2022\/10\/3_05.jpg\" alt=\"\">\n\n\t\t\t\t\t\t<span class=\"appartement-image_title\">3_05<\/span>\n\t\t\t\t\t<\/div>\n\n\t\t\t\t\n\t\t<\/div>\n\n\t\t<div class=\"appartement-gallerywrap-nav\">\n\n\t\t\t\n\t\t\t\t\t<div class=\"appartement-imagewrap\">\n\n\t\t\t\t\t\t<img decoding=\"async\" src=\"https:\/\/hausbroichtal.de\/wp-content\/uploads\/2022\/10\/3_01.jpg\" alt=\"\">\n\n\t\t\t\t\t<\/div>\n\n\t\t\t\t\n\t\t\t\t\t<div class=\"appartement-imagewrap\">\n\n\t\t\t\t\t\t<img decoding=\"async\" src=\"https:\/\/hausbroichtal.de\/wp-content\/uploads\/2022\/10\/3_02.jpg\" alt=\"\">\n\n\t\t\t\t\t<\/div>\n\n\t\t\t\t\n\t\t\t\t\t<div class=\"appartement-imagewrap\">\n\n\t\t\t\t\t\t<img decoding=\"async\" src=\"https:\/\/hausbroichtal.de\/wp-content\/uploads\/2022\/10\/3_03.jpg\" alt=\"\">\n\n\t\t\t\t\t<\/div>\n\n\t\t\t\t\n\t\t\t\t\t<div class=\"appartement-imagewrap\">\n\n\t\t\t\t\t\t<img decoding=\"async\" src=\"https:\/\/hausbroichtal.de\/wp-content\/uploads\/2022\/10\/3_04.jpg\" alt=\"\">\n\n\t\t\t\t\t<\/div>\n\n\t\t\t\t\n\t\t\t\t\t<div class=\"appartement-imagewrap\">\n\n\t\t\t\t\t\t<img decoding=\"async\" src=\"https:\/\/hausbroichtal.de\/wp-content\/uploads\/2022\/10\/3_05.jpg\" alt=\"\">\n\n\t\t\t\t\t<\/div>\n\n\t\t\t\t\n\t\t<\/div>\n\n\t<\/div>\n\n<\/div>\n\n<\/div>\n\n\n<div class=\"wrapper container\" style=\"padding: 50px 15px 50px 15px\">\n\n\t\n\n<div class=\"row\">\n\n\t<div class=\"col-lg-12\">\n\n\t\t<div class=\"textwrap\" style=\"column-count: 1\">\n\n\t\t\t<p>Appartement 3 is drempelvrij (geldt niet voor toilet en douche, wel is er een douchekruk). Het ruime appartement heeft een terras boven de vijver. Naast een keuken heb je 2 aparte kamers die gescheiden zijn door een deur &#8211; ideaal voor 2 stellen. Het appartement heeft een knus boxspring tweepersoonsbed en een slaapbank met een vol matras (tevens een tweepersoonsbed). Hier kunnen maximaal 4 personen verblijven. Reisbedden voor baby&#8217;s\/kleine kinderen en stoelen zijn ook beschikbaar. Een volledig uitgeruste keuken met een klein aanrecht nodigt uit tot koken en eten. Bij mooi weer sluit u de dag gezellig af met een drankje op het terras en kijkt u uit over de vijver.<\/p>\n\n\t\t<\/div>\n\n\t<\/div>\n\n<\/div>\n\n<div class=\"row\">\n\n\t<div class=\"col-lg-12\">\n\n\t\t\n\t\t\t\t<div class=\"accordion_single\">\n\n\t\t\t\t\t<div class=\"accordion_title\">\n\n\t\t\t\t\t\tPrijzen\n\t\t\t\t\t<\/div>\n\n\t\t\t\t\t<div class=\"accordion_content\">\n\n\t\t\t\t\t\t<div class=\"accordion_content-inner\">\n\n\t\t\t\t\t\t\t<p>(voor 1 persoonsbezetting)<br \/>\nBezetting per nacht vanaf 99 euro incl. btw per nacht<\/p>\n<p>(bij bezetting van 2 personen)<br \/>\nBezetting per nacht vanaf 114 euro incl. btw per nacht<\/p>\n\n\t\t\t\t\t\t<\/div>\n\t\t\t\t\t\t\n\t\t\t\t\t<\/div>\n\n\t\t\t\t<\/div>\n\n\t\t\t\n\t\t\t\t<div class=\"accordion_single\">\n\n\t\t\t\t\t<div class=\"accordion_title\">\n\n\t\t\t\t\t\tInrichting\n\t\t\t\t\t<\/div>\n\n\t\t\t\t\t<div class=\"accordion_content\">\n\n\t\t\t\t\t\t<div class=\"accordion_content-inner\">\n\n\t\t\t\t\t\t\t<ul>\n<li>Boxspring-Doppelbett<\/li>\n<li>Schlafcouch<\/li>\n<li>Bettw\u00e4sche, Handt\u00fccher, Badem\u00e4ntel<\/li>\n<li>Duschgel\/Shampoo, Zahnb\u00fcrsten<\/li>\n<li>F\u00f6hn<\/li>\n<li>K\u00fcche mit\n<ul>\n<li>K\u00fchlschrank und K\u00fchlfach<\/li>\n<li>Backofen mit integrierter Mikrowelle<\/li>\n<li>Geschirrsp\u00fcler<\/li>\n<li>Geschirr, Gl\u00e4ser &amp; Besteck<\/li>\n<li>Salz\/Pfeffer\/Paprika-Gew\u00fcrze<\/li>\n<li>Backpapier<\/li>\n<li>Wasserkocher<\/li>\n<li>Toaster<\/li>\n<li>Wein, Bier und Erfrischungsgetr\u00e4nke (nicht im \u00dcbernachtungspreis enthalten)<\/li>\n<li>Snacks (nicht im \u00dcbernachtungspreis enthalten)<\/li>\n<\/ul>\n<\/li>\n<li>Bad mit WC und Dusche (niedriger Einstieg)<\/li>\n<li>TV mit Sat-Anschluss und Smart-TV<\/li>\n<li>Tassimo Maschine, Pads f\u00fcr\n<ul>\n<li>Kaffee<\/li>\n<li>Entcoffeinierter Kaffee<\/li>\n<li>Espresso<\/li>\n<li>Kakao<\/li>\n<li>Tee<\/li>\n<\/ul>\n<\/li>\n<li>WLAN<\/li>\n<li>Ger\u00e4umige Schr\u00e4nke<\/li>\n<li>Theke mit Barhockern<\/li>\n<li>Terasse mit Sitzmobiliar und Sonnenschirm<\/li>\n<li>Kostenlose Parkpl\u00e4tze (ohne Probleme auch mit Anh\u00e4nger nutzbar)<\/li>\n<li>Garage f\u00fcr Fahrr\u00e4der<\/li>\n<li>Stufenloser Zugang<\/li>\n<\/ul>\n\n\t\t\t\t\t\t<\/div>\n\t\t\t\t\t\t\n\t\t\t\t\t<\/div>\n\n\t\t\t\t<\/div>\n\n\t\t\t\n\t<\/div>\n\n<\/div>\n\n<\/div>\n\n\n<div class=\"wrapper container\" style=\"padding: 50px 15px 50px 15px\">\n\n\t\n<div class=\"row\">\n\n\t<div class=\"col-lg-12\">\n\n\t\t<iframe loading=\"lazy\" style=\"border: 0;\" src=\"https:\/\/www.google.com\/maps\/embed?pb=!1m0!3m2!1sde!2sde!4v1485004232399!6m8!1m7!1srzhTI8Diu6EAAAQvxUahuQ!2m2!1d50.86329126054397!2d6.154358309952045!3f43.50844360503307!4f-13.005176298266107!5f0.7820865974627469\" allowfullscreen=\"allowfullscreen\" width=\"100%\" height=\"500\" frameborder=\"0\"><span style=\"display: inline-block; width: 0px; overflow: hidden; line-height: 0;\" data-mce-type=\"bookmark\" class=\"mce_SELRES_start\">\ufeff<\/span><\/iframe>\n\t<\/div>\n\n<\/div>\n\n<\/div>\n\n\n<div class=\"wrapper container\" style=\"padding: 1px 15px 50px 15px\">\n\n\t\n<div class=\"row\">\n\n\t<div class=\"col-lg-12\">\n\n\t\t\n<div class=\"wpcf7 no-js\" id=\"wpcf7-f328-o1\" lang=\"de-DE\" dir=\"ltr\" data-wpcf7-id=\"328\">\n<div class=\"screen-reader-response\"><p role=\"status\" aria-live=\"polite\" aria-atomic=\"true\"><\/p> <ul><\/ul><\/div>\n<form action=\"\/nl\/wp-json\/wp\/v2\/pages\/249#wpcf7-f328-o1\" method=\"post\" class=\"wpcf7-form init\" aria-label=\"Kontaktformular\" novalidate=\"novalidate\" data-status=\"init\">\n<fieldset class=\"hidden-fields-container\"><input type=\"hidden\" name=\"_wpcf7\" value=\"328\" \/><input type=\"hidden\" name=\"_wpcf7_version\" value=\"6.1.5\" \/><input type=\"hidden\" name=\"_wpcf7_locale\" value=\"de_DE\" \/><input type=\"hidden\" name=\"_wpcf7_unit_tag\" value=\"wpcf7-f328-o1\" \/><input type=\"hidden\" name=\"_wpcf7_container_post\" value=\"0\" \/><input type=\"hidden\" name=\"_wpcf7_posted_data_hash\" value=\"\" \/>\n<\/fieldset>\n<h2>Niet-bindend verzoek\n<\/h2>\n<p><label> uw naam *<br \/>\n<span class=\"wpcf7-form-control-wrap\" data-name=\"your-name\"><input size=\"40\" maxlength=\"400\" class=\"wpcf7-form-control wpcf7-text wpcf7-validates-as-required\" aria-required=\"true\" aria-invalid=\"false\" value=\"\" type=\"text\" name=\"your-name\" \/><\/span> <\/label>\n<\/p>\n<p><label> jouw e-mailadres *<br \/>\n<span class=\"wpcf7-form-control-wrap\" data-name=\"your-email\"><input size=\"40\" maxlength=\"400\" class=\"wpcf7-form-control wpcf7-email wpcf7-validates-as-required wpcf7-text wpcf7-validates-as-email\" aria-required=\"true\" aria-invalid=\"false\" value=\"\" type=\"email\" name=\"your-email\" \/><\/span> <\/label>\n<\/p>\n<p><label> Jouw telefoon nummer *<br \/>\n<span class=\"wpcf7-form-control-wrap\" data-name=\"phone\"><input size=\"40\" maxlength=\"400\" class=\"wpcf7-form-control wpcf7-tel wpcf7-validates-as-required wpcf7-text wpcf7-validates-as-tel\" aria-required=\"true\" aria-invalid=\"false\" value=\"\" type=\"tel\" name=\"phone\" \/><\/span> <\/label>\n<\/p>\n<p><label> blijf van<br \/>\n<span class=\"wpcf7-form-control-wrap\" data-name=\"buchungszeitraum_von\"><input class=\"wpcf7-form-control wpcf7-date wpcf7-validates-as-date\" aria-invalid=\"false\" value=\"\" type=\"date\" name=\"buchungszeitraum_von\" \/><\/span> <\/label>\n<\/p>\n<p><label> blijf tot<br \/>\n<span class=\"wpcf7-form-control-wrap\" data-name=\"buchungszeitraum_bis\"><input class=\"wpcf7-form-control wpcf7-date wpcf7-validates-as-date\" aria-invalid=\"false\" value=\"\" type=\"date\" name=\"buchungszeitraum_bis\" \/><\/span> <\/label>\n<\/p>\n<p><label> uw bericht<br \/>\n<span class=\"wpcf7-form-control-wrap\" data-name=\"your-message\"><textarea cols=\"40\" rows=\"10\" maxlength=\"2000\" class=\"wpcf7-form-control wpcf7-textarea\" aria-invalid=\"false\" name=\"your-message\"><\/textarea><\/span> <\/label>\n<\/p>\n<p><span class=\"wpcf7-form-control-wrap\" data-name=\"datenschutz\"><span class=\"wpcf7-form-control wpcf7-checkbox wpcf7-validates-as-required\"><span class=\"wpcf7-list-item first last\"><label><input type=\"checkbox\" name=\"datenschutz[]\" value=\"Ik heb het privacybeleid gelezen en accepteer ze. *\" \/><span class=\"wpcf7-list-item-label\">Ik heb het privacybeleid gelezen en accepteer ze. *<\/span><\/label><\/span><\/span><\/span>\n<\/p>\n<p><div class=\"altcha-widget-wrap\"><altcha-widget challengeurl=\"https:\/\/hausbroichtal.de\/nl\/wp-json\/altcha\/v1\/challenge\" strings=\"{&quot;error&quot;:&quot;Verificatie mislukt. Probeer het later opnieuw.&quot;,&quot;footer&quot;:&quot;Beveiligd door &lt;a href=\\&quot;https:\\\/\\\/altcha.org\\\/\\&quot; target=\\&quot;_blank\\&quot;&gt;ALTCHA&lt;\\\/a&gt;&quot;,&quot;label&quot;:&quot;Ik ben geen robot&quot;,&quot;verified&quot;:&quot;Geverifieerd&quot;,&quot;verifying&quot;:&quot;Bezig met verifi\\u00ebren...&quot;,&quot;waitAlert&quot;:&quot;Bezig met verifi\\u00ebren... even geduld a.u.b.&quot;}\" hidefooter=\"1\"><\/altcha-widget><noscript><div class=\"altcha-no-javascript\">This form requires JavaScript!<\/div><\/noscript><\/div><input class=\"wpcf7-form-control wpcf7-submit has-spinner\" type=\"submit\" value=\"Versturen\" \/>\n<\/p><div class=\"wpcf7-response-output\" aria-hidden=\"true\"><\/div>\n<\/form>\n<\/div>\n\n\t<\/div>\n\n<\/div>\n\n<\/div>","protected":false},"excerpt":{"rendered":"","protected":false},"author":1,"featured_media":0,"parent":291,"menu_order":0,"comment_status":"closed","ping_status":"closed","template":"","meta":{"_acf_changed":false,"footnotes":""},"class_list":["post-249","page","type-page","status-publish","hentry"],"acf":[],"_links":{"self":[{"href":"https:\/\/hausbroichtal.de\/nl\/wp-json\/wp\/v2\/pages\/249","targetHints":{"allow":["GET"]}}],"collection":[{"href":"https:\/\/hausbroichtal.de\/nl\/wp-json\/wp\/v2\/pages"}],"about":[{"href":"https:\/\/hausbroichtal.de\/nl\/wp-json\/wp\/v2\/types\/page"}],"author":[{"embeddable":true,"href":"https:\/\/hausbroichtal.de\/nl\/wp-json\/wp\/v2\/users\/1"}],"replies":[{"embeddable":true,"href":"https:\/\/hausbroichtal.de\/nl\/wp-json\/wp\/v2\/comments?post=249"}],"version-history":[{"count":5,"href":"https:\/\/hausbroichtal.de\/nl\/wp-json\/wp\/v2\/pages\/249\/revisions"}],"predecessor-version":[{"id":340,"href":"https:\/\/hausbroichtal.de\/nl\/wp-json\/wp\/v2\/pages\/249\/revisions\/340"}],"up":[{"embeddable":true,"href":"https:\/\/hausbroichtal.de\/nl\/wp-json\/wp\/v2\/pages\/291"}],"wp:attachment":[{"href":"https:\/\/hausbroichtal.de\/nl\/wp-json\/wp\/v2\/media?parent=249"}],"curies":[{"name":"wp","href":"https:\/\/api.w.org\/{rel}","templated":true}]}}