{"id":297,"date":"2022-10-18T16:45:58","date_gmt":"2022-10-18T14:45:58","guid":{"rendered":"https:\/\/hausbroichtal.de\/startseite\/"},"modified":"2022-10-19T14:44:27","modified_gmt":"2022-10-19T12:44:27","slug":"startseite","status":"publish","type":"page","link":"https:\/\/hausbroichtal.de\/fr\/","title":{"rendered":"Startseite"},"content":{"rendered":"\n<section class=\"banner\" style=\"height: 650px\">\n\t\n\t\n\t\t\t<div class=\"slide\" style=\"height: 650px\">\n\n\t\t\t\t<img decoding=\"async\" src=\"https:\/\/hausbroichtal.de\/wp-content\/uploads\/2022\/10\/banner01.jpg\" alt=\"\">\n\n\t\t\t\t<div class=\"slide_overlay\">\n\n\t\t\t\t\t<div class=\"container h-100\">\n\n\t\t\t\t\t\t<div class=\"row h-100\">\n\n\t\t\t\t\t\t\t<div class=\"col-lg-12\">\n\n\t\t\t\t\t\t\t\t<span class=\"banner-headline\">Bienvenue \u00e0 la Maison Broichtal<\/span>\n\n\t\t\t\t\t\t\t\t<span class=\"banner-subline\">Appartements pittoresques \u00e0 l&rsquo;Alsdorfer Weiher<\/span>\n\n\t\t\t\t\t\t\t\t<a class=\"banner-link button\" href=\"https:\/\/hausbroichtal.de\/fr\/appartements\/\">\u00e0 nos appartements<\/a>\n\n\t\t\t\t\t\t\t<\/div>\n\n\t\t\t\t\t\t<\/div>\n\n\t\t\t\t\t<\/div>\n\n\t\t\t\t<\/div>\n\n\t\t\t<\/div>\n\n\t\t\n\t\t\t<div class=\"slide\" style=\"height: 650px\">\n\n\t\t\t\t<img decoding=\"async\" src=\"https:\/\/hausbroichtal.de\/wp-content\/uploads\/2022\/10\/banner03.jpg\" alt=\"\">\n\n\t\t\t\t<div class=\"slide_overlay\">\n\n\t\t\t\t\t<div class=\"container h-100\">\n\n\t\t\t\t\t\t<div class=\"row h-100\">\n\n\t\t\t\t\t\t\t<div class=\"col-lg-12\">\n\n\t\t\t\t\t\t\t\t<span class=\"banner-headline\">Bienvenue \u00e0 la Maison Broichtal<\/span>\n\n\t\t\t\t\t\t\t\t<span class=\"banner-subline\">Appartements pittoresques \u00e0 l&rsquo;Alsdorfer Weiher<\/span>\n\n\t\t\t\t\t\t\t\t<a class=\"banner-link button\" href=\"https:\/\/hausbroichtal.de\/fr\/appartements\/\">\u00e0 nos appartements<\/a>\n\n\t\t\t\t\t\t\t<\/div>\n\n\t\t\t\t\t\t<\/div>\n\n\t\t\t\t\t<\/div>\n\n\t\t\t\t<\/div>\n\n\t\t\t<\/div>\n\n\t\t\n\t\t\t<div class=\"slide\" style=\"height: 650px\">\n\n\t\t\t\t<img decoding=\"async\" src=\"https:\/\/hausbroichtal.de\/wp-content\/uploads\/2022\/10\/banner02.jpg\" alt=\"\">\n\n\t\t\t\t<div class=\"slide_overlay\">\n\n\t\t\t\t\t<div class=\"container h-100\">\n\n\t\t\t\t\t\t<div class=\"row h-100\">\n\n\t\t\t\t\t\t\t<div class=\"col-lg-12\">\n\n\t\t\t\t\t\t\t\t<span class=\"banner-headline\">Bienvenue \u00e0 la Maison Broichtal<\/span>\n\n\t\t\t\t\t\t\t\t<span class=\"banner-subline\">Appartements pittoresques \u00e0 l&rsquo;Alsdorfer Weiher<\/span>\n\n\t\t\t\t\t\t\t\t<a class=\"banner-link button\" href=\"https:\/\/hausbroichtal.de\/fr\/appartements\/\">\u00e0 nos appartements<\/a>\n\n\t\t\t\t\t\t\t<\/div>\n\n\t\t\t\t\t\t<\/div>\n\n\t\t\t\t\t<\/div>\n\n\t\t\t\t<\/div>\n\n\t\t\t<\/div>\n\n\t\t\n<\/section>\n\n\n<div class=\"wrapper container\" style=\"padding: 50px 15px 50px 15px\">\n\n\t\n\n<div class=\"row\">\n\n\t<div class=\"col-lg-12\">\n\n\t\t<div class=\"textwrap\" style=\"column-count: 1\">\n\n\t\t\t<h1>Maison Broichtal: Appartements \u00e0 l&rsquo;Alsdorfer Weiher<\/h1>\n<p>Nous vous souhaitons la bienvenue sur le site Internet de Broichtal. Nous sommes un petit h\u00f4tel d&rsquo;appartements. Situ\u00e9s dans un cadre pittoresque au bord du lac, nous vous proposons des appartements spacieux qui feront de votre s\u00e9jour dans notre h\u00f4tel une exp\u00e9rience inoubliable. Nous avons mis cela en place pour vous avec beaucoup d&rsquo;amour. Chaque appartement peut accueillir confortablement 1 \u00e0 4 personnes. Les animaux sont aussi \u00ab\u00a0bienvenus !\u00a0\u00bb chez nous. Une cuisine enti\u00e8rement \u00e9quip\u00e9e avec lave-vaisselle, cuisini\u00e8re avec micro-onde int\u00e9gr\u00e9 vous permet d&rsquo;\u00eatre autonome durant votre s\u00e9jour. Chaque appartement dispose d&rsquo;un confortable sommier \u00e0 ressorts et d&rsquo;un canap\u00e9-lit avec matelas int\u00e9gr\u00e9. Avec notre service complet, nous ne laissons rien \u00e0 d\u00e9sirer.<\/p>\n<p>La zone de loisirs locale autour de notre h\u00f4tel vous propose de nombreuses activit\u00e9s de loisirs, par exemple un mini-golf aventure, un barbecue ou du p\u00e9dalo, un parc animalier gratuit, un petit bar de plage au bord de l&rsquo;\u00e9tang. Les parcs et les sentiers forestiers vous invitent \u00e0 faire des promenades, des randonn\u00e9es ou des balades \u00e0 v\u00e9lo. La ville d&rsquo;Aix-la-Chapelle avec le c\u00e9l\u00e8bre concours hippique CHIO est facilement accessible en voiture ou en transports en commun. Le site du tournoi est \u00e0 quelques arr\u00eats de bus. De m\u00eame les pays voisins la Hollande et la Belgique.<\/p>\n<p>Nos clients nous \u00e9valuent souvent avec le plus grand nombre de points, nous obtenons donc 9,7 sur 10 points sur booking.com (2018), sur Expedia 4,8 sur 5 points (2018), sur HRS 9,7 sur 10 points (2018) , Hotels.com 9,4 sur 10 points (2018), Google 4,8 sur 5 points (2018) et holidaycheck 6 sur 6 points !<\/p>\n<p>Nous vivons dans la m\u00eame maison et sommes toujours disponibles pour vos besoins et questions.<\/p>\n<p>Nous attendons votre visite!<\/p>\n\n\t\t<\/div>\n\n\t<\/div>\n\n<\/div>\n\n<\/div>\n\n\n<div class=\"wrapper container\" style=\"padding: 50px 15px 50px 15px\">\n\n\t\n\n<div class=\"row\">\n\n\t<div class=\"col-lg-12\">\n\n\t\t<div class=\"gallerywrap masonry\" style=\"column-count: 3\">\n\n\t\t\t\n\t\t\t\t\t<div class=\"imagewrap\">\n\n\t\t\t\t\t\t<img decoding=\"async\" src=\"https:\/\/hausbroichtal.de\/wp-content\/uploads\/2022\/10\/team-700x467-1.jpg\" alt=\"\">\n\n\t\t\t\t\t\t\n\t\t\t\t\t<\/div>\n\n\t\t\t\t\n\t\t\t\t\t<div class=\"imagewrap\">\n\n\t\t\t\t\t\t<img decoding=\"async\" src=\"https:\/\/hausbroichtal.de\/wp-content\/uploads\/2022\/10\/siegel.jpg\" alt=\"\">\n\n\t\t\t\t\t\t\n\t\t\t\t\t<\/div>\n\n\t\t\t\t\n\t\t<\/div>\n\n\t<\/div>\n\n<\/div>\n\n<\/div>","protected":false},"excerpt":{"rendered":"","protected":false},"author":1,"featured_media":0,"parent":0,"menu_order":0,"comment_status":"closed","ping_status":"closed","template":"","meta":{"_acf_changed":false,"footnotes":""},"class_list":["post-297","page","type-page","status-publish","hentry"],"acf":[],"_links":{"self":[{"href":"https:\/\/hausbroichtal.de\/fr\/wp-json\/wp\/v2\/pages\/297","targetHints":{"allow":["GET"]}}],"collection":[{"href":"https:\/\/hausbroichtal.de\/fr\/wp-json\/wp\/v2\/pages"}],"about":[{"href":"https:\/\/hausbroichtal.de\/fr\/wp-json\/wp\/v2\/types\/page"}],"author":[{"embeddable":true,"href":"https:\/\/hausbroichtal.de\/fr\/wp-json\/wp\/v2\/users\/1"}],"replies":[{"embeddable":true,"href":"https:\/\/hausbroichtal.de\/fr\/wp-json\/wp\/v2\/comments?post=297"}],"version-history":[{"count":2,"href":"https:\/\/hausbroichtal.de\/fr\/wp-json\/wp\/v2\/pages\/297\/revisions"}],"predecessor-version":[{"id":364,"href":"https:\/\/hausbroichtal.de\/fr\/wp-json\/wp\/v2\/pages\/297\/revisions\/364"}],"wp:attachment":[{"href":"https:\/\/hausbroichtal.de\/fr\/wp-json\/wp\/v2\/media?parent=297"}],"curies":[{"name":"wp","href":"https:\/\/api.w.org\/{rel}","templated":true}]}}