{"id":293,"date":"2022-10-18T16:46:06","date_gmt":"2022-10-18T14:46:06","guid":{"rendered":"https:\/\/hausbroichtal.de\/appartements\/"},"modified":"2022-10-19T14:45:59","modified_gmt":"2022-10-19T12:45:59","slug":"appartements","status":"publish","type":"page","link":"https:\/\/hausbroichtal.de\/fr\/appartements\/","title":{"rendered":"Appartements"},"content":{"rendered":"\n<div class=\"wrapper container\" style=\"padding: 150px 15px 50px 15px\">\n\n\t\n\n<div class=\"row\">\n\n\t<div class=\"col-lg-12\">\n\n\t\t<div class=\"textwrap\" style=\"column-count: 1\">\n\n\t\t\t<h1>Nos appartements<\/h1>\n<p>Ici vous obtenez un aper\u00e7u approximatif de nos appartements. Pour plus d&rsquo;informations, cliquez simplement sur l&rsquo;appartement appropri\u00e9.<\/p>\n\n\t\t<\/div>\n\n\t<\/div>\n\n<\/div>\n\n<\/div>\n\n\n<div class=\"wrapper container\" style=\"padding: 50px 15px 50px 15px\">\n\n\t\n\n<div class=\"row\">\n\n\t\n\t\t\t<div class=\"teaser_single col-lg-6\">\n\n\t\t\t\t\n\t\t\t\t<div class=\"teaser_inner\">\n\n\t\t\t\t\t<img decoding=\"async\" src=\"https:\/\/hausbroichtal.de\/wp-content\/uploads\/2022\/10\/uebersichtkl-1.png\" alt=\"\">\n\n\t\t\t\t\t<div class=\"teaser_content\">\n\n\t\t\t\t\t\t<span class=\"teaser_headline\">Appartement 1<\/span>\n\n\t\t\t\t\t\t<span class=\"teaser_description\">Un appartement avec une vue vari\u00e9e : depuis la fen\u00eatre de la salle de bain ou de la cuisine, vous pouvez voir un pr\u00e9 fleuri color\u00e9 &#8211; le point culminant : c&rsquo;est un toit plat vert ! Lorsque vous entrez sur la terrasse ext\u00e9rieure de 30 m\u00b2, vous admirez un petit morceau de for\u00eat dans la zone de loisirs locale. Si vous tournez ensuite \u00e0 droite, vous pourrez apercevoir le lac. La terrasse est le couronnement de cet appartement. Ici, vous pouvez inviter des amis pour un caf\u00e9 ou prendre le petit d\u00e9jeuner au soleil le matin. L&rsquo;appartement dispose d&rsquo;un confortable lit double avec sommier \u00e0 ressorts et d&rsquo;un canap\u00e9-lit avec un matelas complet (\u00e9galement un lit double). Jusqu&rsquo;\u00e0 4 personnes peuvent y s\u00e9journer. Cependant, il n&rsquo;y a pas de s\u00e9paration spatiale. Des lits de voyage pour b\u00e9b\u00e9s\/petits enfants et des chaises sont \u00e9galement disponibles.<\/span>\n\n\t\t\t\t\t\t\n\t\t\t\t\t\t\t\t<div class=\"teaser_buttonwrap\">\n\t\t\t\t\t\t\t\t\n\t\t\t\t\t\t\t\t\t<a class=\"button\" href=\"https:\/\/hausbroichtal.de\/fr\/appartements\/appartement-1\/\">\u00e0 l&rsquo;appartement<\/a>\n\n\t\t\t\t\t\t\t\t<\/div>\n\n\t\t\t\t\t\t\t\n\t\t\t\t\t<\/div>\n\n\t\t\t\t<\/div>\n\n\t\t\t\t\n\t\t\t<\/div>\n\n\t\t\n\t\t\t<div class=\"teaser_single col-lg-6\">\n\n\t\t\t\t\n\t\t\t\t<div class=\"teaser_inner\">\n\n\t\t\t\t\t<img decoding=\"async\" src=\"https:\/\/hausbroichtal.de\/wp-content\/uploads\/2022\/10\/uebersichtkl.png\" alt=\"\">\n\n\t\t\t\t\t<div class=\"teaser_content\">\n\n\t\t\t\t\t\t<span class=\"teaser_headline\">Appartement 2<\/span>\n\n\t\t\t\t\t\t<span class=\"teaser_description\">Le plus grand appartement. Bien adapt\u00e9 pour les familles. En plus d&rsquo;une cuisine toute \u00e9quip\u00e9e, un sommier tapissier avec vue directe sur l&rsquo;\u00e9tang vous attend. Un petit balcon vous invite \u00e0 respirer profond\u00e9ment. L&rsquo;appartement est spacieux avec beaucoup d&rsquo;espace de rangement pour vos v\u00eatements. Il dispose d&rsquo;un confortable lit double avec sommier tapissier et d&rsquo;un canap\u00e9-lit avec un matelas complet (\u00e9galement un lit double). Jusqu&rsquo;\u00e0 4 personnes peuvent y s\u00e9journer. Cependant, il n&rsquo;y a pas de s\u00e9paration spatiale. Des lits de voyage pour b\u00e9b\u00e9s\/petits enfants et des chaises sont \u00e9galement disponibles.<\/span>\n\n\t\t\t\t\t\t\n\t\t\t\t\t\t\t\t<div class=\"teaser_buttonwrap\">\n\t\t\t\t\t\t\t\t\n\t\t\t\t\t\t\t\t\t<a class=\"button\" href=\"https:\/\/hausbroichtal.de\/fr\/appartements\/appartement-2\/\">\u00e0 l&rsquo;appartement<\/a>\n\n\t\t\t\t\t\t\t\t<\/div>\n\n\t\t\t\t\t\t\t\n\t\t\t\t\t<\/div>\n\n\t\t\t\t<\/div>\n\n\t\t\t\t\n\t\t\t<\/div>\n\n\t\t\n\t\t\t<div class=\"teaser_single col-lg-6\">\n\n\t\t\t\t\n\t\t\t\t<div class=\"teaser_inner\">\n\n\t\t\t\t\t<img decoding=\"async\" src=\"https:\/\/hausbroichtal.de\/wp-content\/uploads\/2022\/10\/uebersichtkl-2.png\" alt=\"\">\n\n\t\t\t\t\t<div class=\"teaser_content\">\n\n\t\t\t\t\t\t<span class=\"teaser_headline\">Appartement 3<\/span>\n\n\t\t\t\t\t\t<span class=\"teaser_description\">L&rsquo;appartement 3 est sans obstacle (ne s&rsquo;applique pas aux toilettes et \u00e0 la douche, mais il y a un tabouret de douche). L&rsquo;appartement spacieux dispose d&rsquo;une terrasse au-dessus de l&rsquo;\u00e9tang. En plus d&rsquo;une cuisine, vous disposez de 2 chambres s\u00e9par\u00e9es par une porte &#8211; id\u00e9ales pour 2 couples. L&rsquo;appartement dispose d&rsquo;un confortable lit double avec sommier \u00e0 ressorts et d&rsquo;un canap\u00e9-lit avec un matelas complet (\u00e9galement un lit double). Jusqu&rsquo;\u00e0 4 personnes peuvent y s\u00e9journer. Des lits de voyage pour b\u00e9b\u00e9s\/petits enfants et des chaises sont \u00e9galement disponibles. Une cuisine enti\u00e8rement \u00e9quip\u00e9e avec un petit comptoir vous invite \u00e0 cuisiner et \u00e0 manger. Par beau temps, vous pourrez terminer la journ\u00e9e confortablement autour d&rsquo;un verre sur la terrasse et admirer l&rsquo;\u00e9tang.<\/span>\n\n\t\t\t\t\t\t\n\t\t\t\t\t\t\t\t<div class=\"teaser_buttonwrap\">\n\t\t\t\t\t\t\t\t\n\t\t\t\t\t\t\t\t\t<a class=\"button\" href=\"https:\/\/hausbroichtal.de\/fr\/appartements\/appartement-3\/\">\u00e0 l&rsquo;appartement<\/a>\n\n\t\t\t\t\t\t\t\t<\/div>\n\n\t\t\t\t\t\t\t\n\t\t\t\t\t<\/div>\n\n\t\t\t\t<\/div>\n\n\t\t\t\t\n\t\t\t<\/div>\n\n\t\t\n\t\t\t<div class=\"teaser_single col-lg-6\">\n\n\t\t\t\t\n\t\t\t\t<div class=\"teaser_inner\">\n\n\t\t\t\t\t<img decoding=\"async\" src=\"https:\/\/hausbroichtal.de\/wp-content\/uploads\/2022\/10\/uebersichtkl-3.png\" alt=\"\">\n\n\t\t\t\t\t<div class=\"teaser_content\">\n\n\t\t\t\t\t\t<span class=\"teaser_headline\">Appartement 4<\/span>\n\n\t\t\t\t\t\t<span class=\"teaser_description\">L&rsquo;appartement 4 est sans obstacle (ne s&rsquo;applique pas aux toilettes et \u00e0 la douche, mais un tabouret de douche est disponible). L&rsquo;appartement spacieux dispose d&rsquo;une terrasse au-dessus de l&rsquo;\u00e9tang. En plus d&rsquo;une cuisine, vous disposez de 2 chambres s\u00e9par\u00e9es par une porte &#8211; id\u00e9ales pour 2 couples. L&rsquo;appartement dispose d&rsquo;un confortable lit double avec sommier \u00e0 ressorts et d&rsquo;un canap\u00e9-lit avec un matelas complet (\u00e9galement un lit double). Des lits de voyage pour b\u00e9b\u00e9s\/petits enfants et des chaises sont \u00e9galement disponibles. Une cuisine enti\u00e8rement \u00e9quip\u00e9e avec un petit comptoir vous invite \u00e0 cuisiner et \u00e0 manger. Par beau temps, vous pourrez terminer la journ\u00e9e confortablement autour d&rsquo;un verre sur la terrasse et admirer l&rsquo;\u00e9tang. (Identique \u00e0 l&rsquo;appartement 3 &#8211; sont juste \u00e0 c\u00f4t\u00e9 l&rsquo;un de l&rsquo;autre)<\/span>\n\n\t\t\t\t\t\t\n\t\t\t\t\t\t\t\t<div class=\"teaser_buttonwrap\">\n\t\t\t\t\t\t\t\t\n\t\t\t\t\t\t\t\t\t<a class=\"button\" href=\"https:\/\/hausbroichtal.de\/fr\/appartements\/appartement-4\/\">\u00e0 l&rsquo;appartement<\/a>\n\n\t\t\t\t\t\t\t\t<\/div>\n\n\t\t\t\t\t\t\t\n\t\t\t\t\t<\/div>\n\n\t\t\t\t<\/div>\n\n\t\t\t\t\n\t\t\t<\/div>\n\n\t\t\n<\/div>\n\n<\/div>","protected":false},"excerpt":{"rendered":"","protected":false},"author":1,"featured_media":0,"parent":0,"menu_order":0,"comment_status":"closed","ping_status":"closed","template":"","meta":{"_acf_changed":false,"footnotes":""},"class_list":["post-293","page","type-page","status-publish","hentry"],"acf":[],"_links":{"self":[{"href":"https:\/\/hausbroichtal.de\/fr\/wp-json\/wp\/v2\/pages\/293","targetHints":{"allow":["GET"]}}],"collection":[{"href":"https:\/\/hausbroichtal.de\/fr\/wp-json\/wp\/v2\/pages"}],"about":[{"href":"https:\/\/hausbroichtal.de\/fr\/wp-json\/wp\/v2\/types\/page"}],"author":[{"embeddable":true,"href":"https:\/\/hausbroichtal.de\/fr\/wp-json\/wp\/v2\/users\/1"}],"replies":[{"embeddable":true,"href":"https:\/\/hausbroichtal.de\/fr\/wp-json\/wp\/v2\/comments?post=293"}],"version-history":[{"count":3,"href":"https:\/\/hausbroichtal.de\/fr\/wp-json\/wp\/v2\/pages\/293\/revisions"}],"predecessor-version":[{"id":367,"href":"https:\/\/hausbroichtal.de\/fr\/wp-json\/wp\/v2\/pages\/293\/revisions\/367"}],"wp:attachment":[{"href":"https:\/\/hausbroichtal.de\/fr\/wp-json\/wp\/v2\/media?parent=293"}],"curies":[{"name":"wp","href":"https:\/\/api.w.org\/{rel}","templated":true}]}}