{"id":290,"date":"2022-10-18T16:46:16","date_gmt":"2022-10-18T14:46:16","guid":{"rendered":"https:\/\/hausbroichtal.de\/service\/"},"modified":"2022-10-19T14:46:53","modified_gmt":"2022-10-19T12:46:53","slug":"service","status":"publish","type":"page","link":"https:\/\/hausbroichtal.de\/fr\/service\/","title":{"rendered":"Service"},"content":{"rendered":"\n<div class=\"wrapper container\" style=\"padding: 150px 15px 50px 15px\">\n\n\t\n\n<div class=\"row\">\n\n\t<div class=\"col-lg-12\">\n\n\t\t<div class=\"textwrap\" style=\"column-count: 1\">\n\n\t\t\t<h1>service<\/h1>\n<p>Avec chaque appartement, vous b\u00e9n\u00e9ficiez des services suivants :<\/p>\n<h3>petit-d\u00e9jeuner<\/h3>\n<p>Nous pouvons vous g\u00e2ter avec un bon petit d\u00e9jeuner. Dites-nous ce que nous pouvons mettre en place pour vous et nous l&rsquo;organiserons.<\/p>\n<h3>recettes<\/h3>\n<p>Dans la petite biblioth\u00e8que du hall de l&rsquo;h\u00f4tel, vous trouverez de nombreux livres de cuisine avec des recettes int\u00e9ressantes. Empruntez-en un ou plusieurs.<\/p>\n<h3>Lis<\/h3>\n<p>La lecture du soir vous manque. En plus des magazines, vous trouverez des thrillers, de la litt\u00e9rature, des romans, des bandes dessin\u00e9es et de la non-fiction dans notre petite biblioth\u00e8que. Empruntez-en un ou plusieurs. Si vous avez besoin d&rsquo;un pourboire, demandez-nous simplement.<\/p>\n<h3>Jeux et PlayStation<\/h3>\n<p>Une collection de jeux et de puzzles est \u00e9galement disponible \u00e0 emprunter. Tout comme une PS3 avec une s\u00e9lection de jeux.<\/p>\n<h3>Netflix<\/h3>\n<p>Sur demande, nous pouvons \u00e9galement vous fournir le service \u00e0 la demande de vid\u00e9os et de s\u00e9ries Netflix sur cl\u00e9 Amazon Fire.<\/p>\n<h3>nettoyage<\/h3>\n<p>Un m\u00e9nage de base est effectu\u00e9 une fois par semaine pour les longs s\u00e9jours.<\/p>\n<h3>Fer\/planche \u00e0 repasser<\/h3>\n<p>Recevez sur demande \u00e0 la r\u00e9ception.<\/p>\n<h3>Vous manque-t-il encore quelque chose ?<\/h3>\n<p>Parlez-nous ! Nous voulons que vous vous sentiez bien partout. Comme le dit le dicton : les gens qui parlent peuvent g\u00e9n\u00e9ralement \u00eatre aid\u00e9s.<\/p>\n\n\t\t<\/div>\n\n\t<\/div>\n\n<\/div>\n\n<\/div>","protected":false},"excerpt":{"rendered":"","protected":false},"author":1,"featured_media":0,"parent":0,"menu_order":0,"comment_status":"closed","ping_status":"closed","template":"","meta":{"_acf_changed":false,"footnotes":""},"class_list":["post-290","page","type-page","status-publish","hentry"],"acf":[],"_links":{"self":[{"href":"https:\/\/hausbroichtal.de\/fr\/wp-json\/wp\/v2\/pages\/290","targetHints":{"allow":["GET"]}}],"collection":[{"href":"https:\/\/hausbroichtal.de\/fr\/wp-json\/wp\/v2\/pages"}],"about":[{"href":"https:\/\/hausbroichtal.de\/fr\/wp-json\/wp\/v2\/types\/page"}],"author":[{"embeddable":true,"href":"https:\/\/hausbroichtal.de\/fr\/wp-json\/wp\/v2\/users\/1"}],"replies":[{"embeddable":true,"href":"https:\/\/hausbroichtal.de\/fr\/wp-json\/wp\/v2\/comments?post=290"}],"version-history":[{"count":2,"href":"https:\/\/hausbroichtal.de\/fr\/wp-json\/wp\/v2\/pages\/290\/revisions"}],"predecessor-version":[{"id":369,"href":"https:\/\/hausbroichtal.de\/fr\/wp-json\/wp\/v2\/pages\/290\/revisions\/369"}],"wp:attachment":[{"href":"https:\/\/hausbroichtal.de\/fr\/wp-json\/wp\/v2\/media?parent=290"}],"curies":[{"name":"wp","href":"https:\/\/api.w.org\/{rel}","templated":true}]}}