{"id":286,"date":"2022-10-18T16:46:23","date_gmt":"2022-10-18T14:46:23","guid":{"rendered":"https:\/\/hausbroichtal.de\/preise\/"},"modified":"2024-12-04T08:34:58","modified_gmt":"2024-12-04T07:34:58","slug":"preise","status":"publish","type":"page","link":"https:\/\/hausbroichtal.de\/fr\/preise\/","title":{"rendered":"Preise"},"content":{"rendered":"\n<div class=\"wrapper container\" style=\"padding: 150px 15px 50px 15px\">\n\n\t\n\n<div class=\"row\">\n\n\t<div class=\"col-lg-12\">\n\n\t\t<div class=\"textwrap\" style=\"column-count: 1\">\n\n\t\t\t<h1>Des prix<\/h1>\n\n\t\t<\/div>\n\n\t<\/div>\n\n<\/div>\n\n<div class=\"row\">\n\n\t<div class=\"col-lg-12\">\n\n\t\t\n\t\t\t\t<div class=\"accordion_single\">\n\n\t\t\t\t\t<div class=\"accordion_title\">\n\n\t\t\t\t\t\tAppartement 1 (57,10 m\u00b2) \u2013 1 lit double, un canap\u00e9-lit double, dont 30 m\u00b2 de terrasse\n\t\t\t\t\t<\/div>\n\n\t\t\t\t\t<div class=\"accordion_content\">\n\n\t\t\t\t\t\t<div class=\"accordion_content-inner\">\n\n\t\t\t\t\t\t\t<p><strong>avec vue sur la zone de loisirs locale Broichbachtal)<\/strong><\/p>\n<p>(pour occupation 1 personne)<br \/>\nOccupation par nuit \u00e0 partir de 99 euros TTC par nuit<\/p>\n<p>(avec occupation de 2 personnes)<br \/>\nOccupation par nuit \u00e0 partir de 114 euros TTC par nuit<\/p>\n\n\t\t\t\t\t\t<\/div>\n\t\t\t\t\t\t\n\t\t\t\t\t<\/div>\n\n\t\t\t\t<\/div>\n\n\t\t\t\n\t\t\t\t<div class=\"accordion_single\">\n\n\t\t\t\t\t<div class=\"accordion_title\">\n\n\t\t\t\t\t\tAppartement 2 (63,71 m\u00b2) \u2013 1 lit double, un canap\u00e9-lit double (avec vue sur le lac)\n\t\t\t\t\t<\/div>\n\n\t\t\t\t\t<div class=\"accordion_content\">\n\n\t\t\t\t\t\t<div class=\"accordion_content-inner\">\n\n\t\t\t\t\t\t\t<p>(pour occupation 1 personne)<br \/>\nOccupation par nuit \u00e0 partir de 109 euros TTC par nuit<\/p>\n<p>(avec occupation de 2 personnes)<br \/>\nOccupation par nuit \u00e0 partir de 124 euros TTC par nuit<\/p>\n\n\t\t\t\t\t\t<\/div>\n\t\t\t\t\t\t\n\t\t\t\t\t<\/div>\n\n\t\t\t\t<\/div>\n\n\t\t\t\n\t\t\t\t<div class=\"accordion_single\">\n\n\t\t\t\t\t<div class=\"accordion_title\">\n\n\t\t\t\t\t\tAppartement 3 (45,87 m\u00b2) \u2013 1 lit double, avec terrasse de 21 m\u00b2 (avec vue sur le lac)\n\t\t\t\t\t<\/div>\n\n\t\t\t\t\t<div class=\"accordion_content\">\n\n\t\t\t\t\t\t<div class=\"accordion_content-inner\">\n\n\t\t\t\t\t\t\t<p>(pour occupation 1 personne)<br \/>\nOccupation par nuit \u00e0 partir de 99 euros TTC par nuit<\/p>\n<p>(avec occupation de 2 personnes)<br \/>\nOccupation par nuit \u00e0 partir de 114 euros TTC par nuit<\/p>\n\n\t\t\t\t\t\t<\/div>\n\t\t\t\t\t\t\n\t\t\t\t\t<\/div>\n\n\t\t\t\t<\/div>\n\n\t\t\t\n\t\t\t\t<div class=\"accordion_single\">\n\n\t\t\t\t\t<div class=\"accordion_title\">\n\n\t\t\t\t\t\tAppartement 4 (46,59 m\u00b2) \u2013 1 lit double, avec terrasse de 21 m\u00b2 (avec vue sur le lac)\n\t\t\t\t\t<\/div>\n\n\t\t\t\t\t<div class=\"accordion_content\">\n\n\t\t\t\t\t\t<div class=\"accordion_content-inner\">\n\n\t\t\t\t\t\t\t<p>(pour occupation 1 personne)<br \/>\nOccupation par nuit \u00e0 partir de 99 euros TTC par nuit<\/p>\n<p>(avec occupation de 2 personnes)<br \/>\nOccupation par nuit \u00e0 partir de 114 euros TTC par nuit<\/p>\n\n\t\t\t\t\t\t<\/div>\n\t\t\t\t\t\t\n\t\t\t\t\t<\/div>\n\n\t\t\t\t<\/div>\n\n\t\t\t\n\t<\/div>\n\n<\/div>\n\n\n<div class=\"row\">\n\n\t<div class=\"col-lg-12\">\n\n\t\t<div class=\"textwrap\" style=\"column-count: 1\">\n\n\t\t\t<p>Pour une utilisation plus longue (pension de famille) : prix sur demande<\/p>\n<p>Les r\u00e9servations pour 3 personnes ou plus par appartement ne sont possibles qu&rsquo;avec un s\u00e9jour minimum de 2 nuits.<\/p>\n<p>Chaque adulte suppl\u00e9mentaire par nuit 15 euros.<br \/>\nLes enfants jusqu&rsquo;\u00e0 12 ans sont gratuits!<\/p>\n<p>Forfait m\u00e9nage suppl\u00e9mentaire unique pour l&rsquo;appartement lorsque les chiens s\u00e9journent 10 euros. Tous les autres animaux sur demande.<\/p>\n<p>En cas d&rsquo;utilisation prolong\u00e9e (pension de famille), l&rsquo;appartement n&rsquo;est nettoy\u00e9 qu&rsquo;une fois par semaine. Le prix pour chaque nettoyage suppl\u00e9mentaire est de 10 euros.<\/p>\n<p>Un lit de voyage pour b\u00e9b\u00e9 et une chaise haute sont disponibles gratuitement si n\u00e9cessaire.<\/p>\n<h2>Autres services<\/h2>\n<p><strong>Petit-d\u00e9jeuner:<\/strong> 14,00 euros<br \/>\n<strong>Chaque changement de linge de lit suppl\u00e9mentaire:<\/strong> 5,00 euros<br \/>\n<strong>Boissons:<\/strong> voir carte des boissons<br \/>\n<strong>Vins:<\/strong> voir carte des vins<\/p>\n<p>Tous les prix incluent la TVA.<\/p>\n\n\t\t<\/div>\n\n\t<\/div>\n\n<\/div>\n\n<\/div>","protected":false},"excerpt":{"rendered":"","protected":false},"author":1,"featured_media":0,"parent":0,"menu_order":0,"comment_status":"closed","ping_status":"closed","template":"","meta":{"_acf_changed":false,"footnotes":""},"class_list":["post-286","page","type-page","status-publish","hentry"],"acf":[],"_links":{"self":[{"href":"https:\/\/hausbroichtal.de\/fr\/wp-json\/wp\/v2\/pages\/286","targetHints":{"allow":["GET"]}}],"collection":[{"href":"https:\/\/hausbroichtal.de\/fr\/wp-json\/wp\/v2\/pages"}],"about":[{"href":"https:\/\/hausbroichtal.de\/fr\/wp-json\/wp\/v2\/types\/page"}],"author":[{"embeddable":true,"href":"https:\/\/hausbroichtal.de\/fr\/wp-json\/wp\/v2\/users\/1"}],"replies":[{"embeddable":true,"href":"https:\/\/hausbroichtal.de\/fr\/wp-json\/wp\/v2\/comments?post=286"}],"version-history":[{"count":3,"href":"https:\/\/hausbroichtal.de\/fr\/wp-json\/wp\/v2\/pages\/286\/revisions"}],"predecessor-version":[{"id":472,"href":"https:\/\/hausbroichtal.de\/fr\/wp-json\/wp\/v2\/pages\/286\/revisions\/472"}],"wp:attachment":[{"href":"https:\/\/hausbroichtal.de\/fr\/wp-json\/wp\/v2\/media?parent=286"}],"curies":[{"name":"wp","href":"https:\/\/api.w.org\/{rel}","templated":true}]}}