{"id":279,"date":"2022-10-18T16:46:35","date_gmt":"2022-10-18T14:46:35","guid":{"rendered":"https:\/\/hausbroichtal.de\/anfahrt\/"},"modified":"2022-10-19T14:50:35","modified_gmt":"2022-10-19T12:50:35","slug":"anfahrt","status":"publish","type":"page","link":"https:\/\/hausbroichtal.de\/fr\/anfahrt\/","title":{"rendered":"Anfahrt"},"content":{"rendered":"\n<div class=\"wrapper container\" style=\"padding: 150px 15px 50px 15px\">\n\n\t\n\n<div class=\"row\">\n\n\t<div class=\"col-lg-12\">\n\n\t\t<div class=\"textwrap\" style=\"column-count: 1\">\n\n\t\t\t<h1>Arriv\u00e9es<\/h1>\n<p>Danger! Veuillez ne pas entrer l&rsquo;adresse \u00ab Herrenweg 1 \u00bb dans votre appareil de navigation ! Cela vous m\u00e8nera \u00e0 l&rsquo;autre bout du Herrenweg (chemin forestier). Entrez \u00ab\u00a0Heidweg\u00a0\u00bb et orientez-vous en direction de l&rsquo;\u00e9cole professionnelle. Continuez le long du \u00ab\u00a0Heidweg\u00a0\u00bb (apr\u00e8s le coll\u00e8ge professionnel) jusqu&rsquo;au \u00ab\u00a0Herrenweg\u00a0\u00bb. Notre h\u00f4tel est d\u00e9j\u00e0 l\u00e0 sur la droite. Des places de parking gratuites en nombre suffisant sont disponibles.<\/p>\n\n\t\t<\/div>\n\n\t<\/div>\n\n<\/div>\n\n<\/div>\n\n\n<div class=\"wrapper container\" style=\"padding: 50px 15px 50px 15px\">\n\n\t\n<div class=\"row\">\n\n\t<div class=\"col-lg-12\">\n\n\t\t<iframe loading=\"lazy\" width=\"100%\" height=\"500\" frameborder=\"0\" scrolling=\"no\" marginheight=\"0\" marginwidth=\"0\" src=\"https:\/\/www.openstreetmap.org\/export\/embed.html?bbox=6.151952147483827%2C50.862304149026514%2C6.156914234161378%2C50.86426626395198&amp;layer=mapnik&amp;marker=50.86328606327979%2C6.154433190822601\"><\/iframe>\n\t<\/div>\n\n<\/div>\n\n<\/div>","protected":false},"excerpt":{"rendered":"","protected":false},"author":1,"featured_media":0,"parent":0,"menu_order":0,"comment_status":"closed","ping_status":"closed","template":"","meta":{"_acf_changed":false,"footnotes":""},"class_list":["post-279","page","type-page","status-publish","hentry"],"acf":[],"_links":{"self":[{"href":"https:\/\/hausbroichtal.de\/fr\/wp-json\/wp\/v2\/pages\/279","targetHints":{"allow":["GET"]}}],"collection":[{"href":"https:\/\/hausbroichtal.de\/fr\/wp-json\/wp\/v2\/pages"}],"about":[{"href":"https:\/\/hausbroichtal.de\/fr\/wp-json\/wp\/v2\/types\/page"}],"author":[{"embeddable":true,"href":"https:\/\/hausbroichtal.de\/fr\/wp-json\/wp\/v2\/users\/1"}],"replies":[{"embeddable":true,"href":"https:\/\/hausbroichtal.de\/fr\/wp-json\/wp\/v2\/comments?post=279"}],"version-history":[{"count":5,"href":"https:\/\/hausbroichtal.de\/fr\/wp-json\/wp\/v2\/pages\/279\/revisions"}],"predecessor-version":[{"id":378,"href":"https:\/\/hausbroichtal.de\/fr\/wp-json\/wp\/v2\/pages\/279\/revisions\/378"}],"wp:attachment":[{"href":"https:\/\/hausbroichtal.de\/fr\/wp-json\/wp\/v2\/media?parent=279"}],"curies":[{"name":"wp","href":"https:\/\/api.w.org\/{rel}","templated":true}]}}