{"id":276,"date":"2022-10-18T16:46:45","date_gmt":"2022-10-18T14:46:45","guid":{"rendered":"https:\/\/hausbroichtal.de\/ausflugstipps\/"},"modified":"2022-10-19T14:51:18","modified_gmt":"2022-10-19T12:51:18","slug":"ausflugstipps","status":"publish","type":"page","link":"https:\/\/hausbroichtal.de\/fr\/ausflugstipps\/","title":{"rendered":"Ausflugstipps"},"content":{"rendered":"\n<div class=\"wrapper container\" style=\"padding: 150px 15px 50px 15px\">\n\n\t\n\n<div class=\"row\">\n\n\t<div class=\"col-lg-12\">\n\n\t\t<div class=\"textwrap\" style=\"column-count: 1\">\n\n\t\t\t<h1>Conseils d&rsquo;excursion<\/h1>\n<p>Les environs proches et lointains de la maison Broichtal offrent de nombreuses possibilit\u00e9s pour passer une ou plusieurs belles journ\u00e9es. Bien s\u00fbr, nous ne sommes pas une m\u00e9tropole comme Paris, mais la liste suivante (certainement pas exhaustive) devrait vous donner l&rsquo;un ou l&rsquo;autre point de r\u00e9f\u00e9rence en mati\u00e8re de loisirs :<\/p>\n<h3>Maison Broichttal<\/h3>\n<p>Notre h\u00f4tel est situ\u00e9 directement dans la nature. De l\u00e0, vous pouvez faire de la randonn\u00e9e le long du lac, les enfants peuvent jouer dans le ruisseau et les joggeurs\/cyclistes\/randonneurs peuvent utiliser la maison comme point de d\u00e9part pour de longues excursions. Des cartes d\u00e9taill\u00e9es sont disponibles dans la zone d&rsquo;entr\u00e9e. Juste devant notre porte, il y a un mini-golf d&rsquo;aventure, une location de bateaux (avec des bateaux barbecue), une petite plage avec un bar de plage sur le lac et le parc animalier d&rsquo;Alsdorf avec une grande aire de jeux pour enfants. Ici, vous pourrez d\u00e9couvrir les animaux de pr\u00e8s. L&rsquo;entr\u00e9e au zoo est gratuite !<\/p>\n<h3>Alsdorf<\/h3>\n<p>La ville mini\u00e8re d&rsquo;Alsdorf vous invite \u00e0 revenir sur son histoire industrielle. L&rsquo;histoire de l&rsquo;\u00e9nergie est racont\u00e9e sous forme d&rsquo;exp\u00e9rience sur l&rsquo;Annaplatz ou au mus\u00e9e ENERGITICON. Autour du ch\u00e2teau d&rsquo;eau se trouve le Cinetower Kinopark Alsdorf, qui allie confort et derni\u00e8re technologie cin\u00e9matographique. Il y a des installations gastronomiques confortables qui tentent avec de nombreuses sp\u00e9cialit\u00e9s culinaires. L&rsquo;Alsdorfer Stadthalle est situ\u00e9 juste \u00e0 c\u00f4t\u00e9 du cin\u00e9ma multiplex, o\u00f9 se d\u00e9roulent des com\u00e9dies musicales, des repr\u00e9sentations th\u00e9\u00e2trales et des com\u00e9dies. Des informations sur le programme, le programme actuel du cin\u00e9ma, les restaurants et les mus\u00e9es se trouvent dans la zone d&rsquo;entr\u00e9e.<\/p>\n<h3>Aix-la-Chapelle<\/h3>\n<p>La vieille ville imp\u00e9riale d&rsquo;Aix-la-Chapelle avec sa cath\u00e9drale, qui est un site du patrimoine mondial, se trouve \u00e0 vingt minutes en voiture de Haus Broichtal. La ville offre de nombreux sites touristiques et, avec l&rsquo;Aquis Plaza, dispose d&rsquo;un centre commercial moderne qui ne laisse rien \u00e0 d\u00e9sirer. Le parc des sports de Soers est \u00e0 moins de 9 km de notre h\u00f4tel. L&rsquo;\u00e9v\u00e9nement \u00e9questre de renomm\u00e9e mondiale CHIO a lieu ici une fois par an.<\/p>\n<h3>zone frontali\u00e8re<\/h3>\n<p>Les Pays-Bas et la Belgique sont accessibles en voiture, mais aussi \u00e0 v\u00e9lo sans trop d&rsquo;efforts. Chaque pays a son propre charme. Il serait trop long \u00e0 ce stade d&rsquo;\u00e9num\u00e9rer plus en d\u00e9tail les nombreuses destinations d&rsquo;excursion. Nous serions heureux de vous conseiller en d\u00e9tail.<\/p>\n<h3>Paris peut-\u00eatre?<\/h3>\n<p>La ville sur la Seine est \u00e0 trois heures de route. Presque tous les jours, un autocar circule dans la r\u00e9gion pour une excursion d&rsquo;une journ\u00e9e dans la m\u00e9tropole fran\u00e7aise. Au d\u00e9part d&rsquo;Aix-la-Chapelle, le Thalys vous emm\u00e8nera confortablement \u00e0 Paris pour faire du shopping. Vous pouvez \u00e9galement faire une excursion d&rsquo;une journ\u00e9e sur les plages de la mer du Nord en Belgique et en Hollande.<\/p>\n\n\t\t<\/div>\n\n\t<\/div>\n\n<\/div>\n\n<\/div>","protected":false},"excerpt":{"rendered":"","protected":false},"author":1,"featured_media":0,"parent":0,"menu_order":0,"comment_status":"closed","ping_status":"closed","template":"","meta":{"_acf_changed":false,"footnotes":""},"class_list":["post-276","page","type-page","status-publish","hentry"],"acf":[],"_links":{"self":[{"href":"https:\/\/hausbroichtal.de\/fr\/wp-json\/wp\/v2\/pages\/276","targetHints":{"allow":["GET"]}}],"collection":[{"href":"https:\/\/hausbroichtal.de\/fr\/wp-json\/wp\/v2\/pages"}],"about":[{"href":"https:\/\/hausbroichtal.de\/fr\/wp-json\/wp\/v2\/types\/page"}],"author":[{"embeddable":true,"href":"https:\/\/hausbroichtal.de\/fr\/wp-json\/wp\/v2\/users\/1"}],"replies":[{"embeddable":true,"href":"https:\/\/hausbroichtal.de\/fr\/wp-json\/wp\/v2\/comments?post=276"}],"version-history":[{"count":2,"href":"https:\/\/hausbroichtal.de\/fr\/wp-json\/wp\/v2\/pages\/276\/revisions"}],"predecessor-version":[{"id":380,"href":"https:\/\/hausbroichtal.de\/fr\/wp-json\/wp\/v2\/pages\/276\/revisions\/380"}],"wp:attachment":[{"href":"https:\/\/hausbroichtal.de\/fr\/wp-json\/wp\/v2\/media?parent=276"}],"curies":[{"name":"wp","href":"https:\/\/api.w.org\/{rel}","templated":true}]}}