{"id":255,"date":"2022-10-19T09:39:12","date_gmt":"2022-10-19T07:39:12","guid":{"rendered":"https:\/\/hausbroichtal.de\/appartement-2\/"},"modified":"2022-10-20T08:13:37","modified_gmt":"2022-10-20T06:13:37","slug":"appartement-2","status":"publish","type":"page","link":"https:\/\/hausbroichtal.de\/fr\/appartements\/appartement-2\/","title":{"rendered":"Appartement 2"},"content":{"rendered":"\n<div class=\"wrapper container\" style=\"padding: 150px 15px 50px 15px\">\n\n\t\n\n<div class=\"row\">\n\n\t<div class=\"col-lg-12\">\n\n\t\t<div class=\"textwrap\" style=\"column-count: 1\">\n\n\t\t\t<h1>Appartement 2<\/h1>\n\n\t\t<\/div>\n\n\t<\/div>\n\n<\/div>\n\n<div class=\"row\">\n\n\t<div class=\"col-lg-12\">\n\n\t\t<div class=\"appartement-gallerywrap-main\">\n\n\t\t\t\n\t\t\t\t\t<div class=\"appartement-imagewrap\">\n\n\t\t\t\t\t\t<img decoding=\"async\" src=\"https:\/\/hausbroichtal.de\/wp-content\/uploads\/2022\/10\/2_01.jpg\" alt=\"\">\n\n\t\t\t\t\t\t<span class=\"appartement-image_title\">2_01<\/span>\n\t\t\t\t\t<\/div>\n\n\t\t\t\t\n\t\t\t\t\t<div class=\"appartement-imagewrap\">\n\n\t\t\t\t\t\t<img decoding=\"async\" src=\"https:\/\/hausbroichtal.de\/wp-content\/uploads\/2022\/10\/2_02.jpg\" alt=\"\">\n\n\t\t\t\t\t\t<span class=\"appartement-image_title\">2_02<\/span>\n\t\t\t\t\t<\/div>\n\n\t\t\t\t\n\t\t\t\t\t<div class=\"appartement-imagewrap\">\n\n\t\t\t\t\t\t<img decoding=\"async\" src=\"https:\/\/hausbroichtal.de\/wp-content\/uploads\/2022\/10\/2_03.jpg\" alt=\"\">\n\n\t\t\t\t\t\t<span class=\"appartement-image_title\">2_03<\/span>\n\t\t\t\t\t<\/div>\n\n\t\t\t\t\n\t\t\t\t\t<div class=\"appartement-imagewrap\">\n\n\t\t\t\t\t\t<img decoding=\"async\" src=\"https:\/\/hausbroichtal.de\/wp-content\/uploads\/2022\/10\/2_04.jpg\" alt=\"\">\n\n\t\t\t\t\t\t<span class=\"appartement-image_title\">2_04<\/span>\n\t\t\t\t\t<\/div>\n\n\t\t\t\t\n\t\t\t\t\t<div class=\"appartement-imagewrap\">\n\n\t\t\t\t\t\t<img decoding=\"async\" src=\"https:\/\/hausbroichtal.de\/wp-content\/uploads\/2022\/10\/2_05.jpg\" alt=\"\">\n\n\t\t\t\t\t\t<span class=\"appartement-image_title\">2_05<\/span>\n\t\t\t\t\t<\/div>\n\n\t\t\t\t\n\t\t<\/div>\n\n\t\t<div class=\"appartement-gallerywrap-nav\">\n\n\t\t\t\n\t\t\t\t\t<div class=\"appartement-imagewrap\">\n\n\t\t\t\t\t\t<img decoding=\"async\" src=\"https:\/\/hausbroichtal.de\/wp-content\/uploads\/2022\/10\/2_01.jpg\" alt=\"\">\n\n\t\t\t\t\t<\/div>\n\n\t\t\t\t\n\t\t\t\t\t<div class=\"appartement-imagewrap\">\n\n\t\t\t\t\t\t<img decoding=\"async\" src=\"https:\/\/hausbroichtal.de\/wp-content\/uploads\/2022\/10\/2_02.jpg\" alt=\"\">\n\n\t\t\t\t\t<\/div>\n\n\t\t\t\t\n\t\t\t\t\t<div class=\"appartement-imagewrap\">\n\n\t\t\t\t\t\t<img decoding=\"async\" src=\"https:\/\/hausbroichtal.de\/wp-content\/uploads\/2022\/10\/2_03.jpg\" alt=\"\">\n\n\t\t\t\t\t<\/div>\n\n\t\t\t\t\n\t\t\t\t\t<div class=\"appartement-imagewrap\">\n\n\t\t\t\t\t\t<img decoding=\"async\" src=\"https:\/\/hausbroichtal.de\/wp-content\/uploads\/2022\/10\/2_04.jpg\" alt=\"\">\n\n\t\t\t\t\t<\/div>\n\n\t\t\t\t\n\t\t\t\t\t<div class=\"appartement-imagewrap\">\n\n\t\t\t\t\t\t<img decoding=\"async\" src=\"https:\/\/hausbroichtal.de\/wp-content\/uploads\/2022\/10\/2_05.jpg\" alt=\"\">\n\n\t\t\t\t\t<\/div>\n\n\t\t\t\t\n\t\t<\/div>\n\n\t<\/div>\n\n<\/div>\n\n<\/div>\n\n\n<div class=\"wrapper container\" style=\"padding: 50px 15px 50px 15px\">\n\n\t\n\n<div class=\"row\">\n\n\t<div class=\"col-lg-12\">\n\n\t\t<div class=\"textwrap\" style=\"column-count: 1\">\n\n\t\t\t<p>Le plus grand appartement. Bien adapt\u00e9 pour les familles. En plus d&rsquo;une cuisine toute \u00e9quip\u00e9e, un sommier tapissier avec vue directe sur l&rsquo;\u00e9tang vous attend. Un petit balcon vous invite \u00e0 respirer profond\u00e9ment. L&rsquo;appartement est spacieux avec beaucoup d&rsquo;espace de rangement pour vos v\u00eatements. Il dispose d&rsquo;un confortable lit double avec sommier tapissier et d&rsquo;un canap\u00e9-lit avec un matelas complet (\u00e9galement un lit double). Jusqu&rsquo;\u00e0 4 personnes peuvent y s\u00e9journer. Cependant, il n&rsquo;y a pas de s\u00e9paration spatiale. Des lits de voyage pour b\u00e9b\u00e9s\/petits enfants et des chaises sont \u00e9galement disponibles.<\/p>\n\n\t\t<\/div>\n\n\t<\/div>\n\n<\/div>\n\n<div class=\"row\">\n\n\t<div class=\"col-lg-12\">\n\n\t\t\n\t\t\t\t<div class=\"accordion_single\">\n\n\t\t\t\t\t<div class=\"accordion_title\">\n\n\t\t\t\t\t\tDes prix\n\t\t\t\t\t<\/div>\n\n\t\t\t\t\t<div class=\"accordion_content\">\n\n\t\t\t\t\t\t<div class=\"accordion_content-inner\">\n\n\t\t\t\t\t\t\t<p>(pour occupation 1 personne)<br \/>\nOccupation par nuit \u00e0 partir de 109 euros TTC par nuit<\/p>\n<p>(avec occupation de 2 personnes)<br \/>\nOccupation par nuit \u00e0 partir de 124 euros TTC par nuit<\/p>\n\n\t\t\t\t\t\t<\/div>\n\t\t\t\t\t\t\n\t\t\t\t\t<\/div>\n\n\t\t\t\t<\/div>\n\n\t\t\t\n\t\t\t\t<div class=\"accordion_single\">\n\n\t\t\t\t\t<div class=\"accordion_title\">\n\n\t\t\t\t\t\tAmeublement\n\t\t\t\t\t<\/div>\n\n\t\t\t\t\t<div class=\"accordion_content\">\n\n\t\t\t\t\t\t<div class=\"accordion_content-inner\">\n\n\t\t\t\t\t\t\t<ul>\n<li>Boxspring-Doppelbett<\/li>\n<li>Schlafcouch<\/li>\n<li>Bettw\u00e4sche, Handt\u00fccher, Badem\u00e4ntel<\/li>\n<li>Duschgel\/Shampoo, Zahnb\u00fcrsten<\/li>\n<li>F\u00f6hn<\/li>\n<li>K\u00fcche mit\n<ul>\n<li>K\u00fchlschrank und K\u00fchlfach<\/li>\n<li>Backofen mit integrierter Mikrowelle<\/li>\n<li>Geschirrsp\u00fcler<\/li>\n<li>Geschirr, Gl\u00e4ser &amp; Besteck<\/li>\n<li>Salz\/Pfeffer\/Paprika-Gew\u00fcrze<\/li>\n<li>Backpapier<\/li>\n<li>Wasserkocher<\/li>\n<li>Toaster<\/li>\n<li>Wein, Bier und Erfrischungsgetr\u00e4nke (nicht im \u00dcbernachtungspreis enthalten)<\/li>\n<li>Snacks (nicht im \u00dcbernachtungspreis enthalten)<\/li>\n<\/ul>\n<\/li>\n<li>Bad mit WC und Dusche (niedriger Einstieg)<\/li>\n<li>TV mit Sat-Anschluss und Smart-TV<\/li>\n<li>Tassimo Maschine, Pads f\u00fcr\n<ul>\n<li>Kaffee<\/li>\n<li>Entcoffeinierter Kaffee<\/li>\n<li>Espresso<\/li>\n<li>Kakao<\/li>\n<li>Tee<\/li>\n<\/ul>\n<\/li>\n<li>WLAN<\/li>\n<li>Ger\u00e4umige Schr\u00e4nke<\/li>\n<li>Tisch und 4 St\u00fchle<\/li>\n<li>Terasse mit Sitzmobiliar und Sonnenschirm<\/li>\n<li>Kostenlose Parkpl\u00e4tze (ohne Probleme auch mit Anh\u00e4nger nutzbar)<\/li>\n<li>Garage f\u00fcr Fahrr\u00e4der<\/li>\n<\/ul>\n\n\t\t\t\t\t\t<\/div>\n\t\t\t\t\t\t\n\t\t\t\t\t<\/div>\n\n\t\t\t\t<\/div>\n\n\t\t\t\n\t<\/div>\n\n<\/div>\n\n<\/div>\n\n\n<div class=\"wrapper container\" style=\"padding: 50px 15px 50px 15px\">\n\n\t\n<div class=\"row\">\n\n\t<div class=\"col-lg-12\">\n\n\t\t<iframe loading=\"lazy\" style=\"border: 0;\" src=\"https:\/\/www.google.com\/maps\/embed?pb=!1m0!3m2!1sde!2sde!4v1484992178905!6m8!1m7!1s-ZusgkGKpTsAAAQvxUahtQ!2m2!1d50.86334470764315!2d6.154451094455908!3f184.26907937127578!4f-29.971502937409447!5f0.7820865974627469\" allowfullscreen=\"allowfullscreen\" width=\"100%\" height=\"500\" frameborder=\"0\"><\/iframe>\n\t<\/div>\n\n<\/div>\n\n<\/div>\n\n\n<div class=\"wrapper container\" style=\"padding: 1px 15px 50px 15px\">\n\n\t\n<div class=\"row\">\n\n\t<div class=\"col-lg-12\">\n\n\t\t\n<div class=\"wpcf7 no-js\" id=\"wpcf7-f398-o1\" lang=\"de-DE\" dir=\"ltr\" data-wpcf7-id=\"398\">\n<div class=\"screen-reader-response\"><p role=\"status\" aria-live=\"polite\" aria-atomic=\"true\"><\/p> <ul><\/ul><\/div>\n<form action=\"\/fr\/wp-json\/wp\/v2\/pages\/255#wpcf7-f398-o1\" method=\"post\" class=\"wpcf7-form init\" aria-label=\"Kontaktformular\" novalidate=\"novalidate\" data-status=\"init\">\n<fieldset class=\"hidden-fields-container\"><input type=\"hidden\" name=\"_wpcf7\" value=\"398\" \/><input type=\"hidden\" name=\"_wpcf7_version\" value=\"6.1.5\" \/><input type=\"hidden\" name=\"_wpcf7_locale\" value=\"de_DE\" \/><input type=\"hidden\" name=\"_wpcf7_unit_tag\" value=\"wpcf7-f398-o1\" \/><input type=\"hidden\" name=\"_wpcf7_container_post\" value=\"0\" \/><input type=\"hidden\" name=\"_wpcf7_posted_data_hash\" value=\"\" \/>\n<\/fieldset>\n<h2>Demande sans engagement\n<\/h2>\n<p><label> votre nom *<br \/>\n<span class=\"wpcf7-form-control-wrap\" data-name=\"your-name\"><input size=\"40\" maxlength=\"400\" class=\"wpcf7-form-control wpcf7-text wpcf7-validates-as-required\" aria-required=\"true\" aria-invalid=\"false\" value=\"\" type=\"text\" name=\"your-name\" \/><\/span> <\/label>\n<\/p>\n<p><label> Votre adresse e-mail *<br \/>\n<span class=\"wpcf7-form-control-wrap\" data-name=\"your-email\"><input size=\"40\" maxlength=\"400\" class=\"wpcf7-form-control wpcf7-email wpcf7-validates-as-required wpcf7-text wpcf7-validates-as-email\" aria-required=\"true\" aria-invalid=\"false\" value=\"\" type=\"email\" name=\"your-email\" \/><\/span> <\/label>\n<\/p>\n<p><label> Votre num\u00e9ro de t\u00e9l\u00e9phone *<br \/>\n<span class=\"wpcf7-form-control-wrap\" data-name=\"phone\"><input size=\"40\" maxlength=\"400\" class=\"wpcf7-form-control wpcf7-tel wpcf7-validates-as-required wpcf7-text wpcf7-validates-as-tel\" aria-required=\"true\" aria-invalid=\"false\" value=\"\" type=\"tel\" name=\"phone\" \/><\/span> <\/label>\n<\/p>\n<p><label> rester de<br \/>\n<span class=\"wpcf7-form-control-wrap\" data-name=\"buchungszeitraum_von\"><input class=\"wpcf7-form-control wpcf7-date wpcf7-validates-as-date\" aria-invalid=\"false\" value=\"\" type=\"date\" name=\"buchungszeitraum_von\" \/><\/span> <\/label>\n<\/p>\n<p><label> rester jusqu&rsquo;\u00e0<br \/>\n<span class=\"wpcf7-form-control-wrap\" data-name=\"buchungszeitraum_bis\"><input class=\"wpcf7-form-control wpcf7-date wpcf7-validates-as-date\" aria-invalid=\"false\" value=\"\" type=\"date\" name=\"buchungszeitraum_bis\" \/><\/span> <\/label>\n<\/p>\n<p><label> votre message<br \/>\n<span class=\"wpcf7-form-control-wrap\" data-name=\"your-message\"><textarea cols=\"40\" rows=\"10\" maxlength=\"2000\" class=\"wpcf7-form-control wpcf7-textarea\" aria-invalid=\"false\" name=\"your-message\"><\/textarea><\/span> <\/label>\n<\/p>\n<p><span class=\"wpcf7-form-control-wrap\" data-name=\"datenschutz\"><span class=\"wpcf7-form-control wpcf7-checkbox wpcf7-validates-as-required\"><span class=\"wpcf7-list-item first last\"><label><input type=\"checkbox\" name=\"datenschutz[]\" value=\"J&#039;ai lu la politique de confidentialit\u00e9 et je les accepte. *\" \/><span class=\"wpcf7-list-item-label\">J&#039;ai lu la politique de confidentialit\u00e9 et je les accepte. *<\/span><\/label><\/span><\/span><\/span>\n<\/p>\n<p><div class=\"altcha-widget-wrap\"><altcha-widget challengeurl=\"https:\/\/hausbroichtal.de\/fr\/wp-json\/altcha\/v1\/challenge\" strings=\"{&quot;error&quot;:&quot;La v\\u00e9rification a \\u00e9chou\\u00e9. Veuillez r\\u00e9essayer plus tard.&quot;,&quot;footer&quot;:&quot;Prot\\u00e9g\\u00e9 par &lt;a href=\\&quot;https:\\\/\\\/altcha.org\\\/\\&quot; target=\\&quot;_blank\\&quot;&gt;ALTCHA&lt;\\\/a&gt;&quot;,&quot;label&quot;:&quot;Je ne suis pas un robot&quot;,&quot;verified&quot;:&quot;V\\u00e9rifi\\u00e9&quot;,&quot;verifying&quot;:&quot;En cours de v\\u00e9rification...&quot;,&quot;waitAlert&quot;:&quot;En cours de v\\u00e9rification... Veuillez patienter.&quot;}\" hidefooter=\"1\"><\/altcha-widget><noscript><div class=\"altcha-no-javascript\">This form requires JavaScript!<\/div><\/noscript><\/div><input class=\"wpcf7-form-control wpcf7-submit has-spinner\" type=\"submit\" value=\"Envoyer\" \/>\n<\/p><div class=\"wpcf7-response-output\" aria-hidden=\"true\"><\/div>\n<\/form>\n<\/div>\n\n\t<\/div>\n\n<\/div>\n\n<\/div>","protected":false},"excerpt":{"rendered":"","protected":false},"author":1,"featured_media":0,"parent":293,"menu_order":0,"comment_status":"closed","ping_status":"closed","template":"","meta":{"_acf_changed":false,"footnotes":""},"class_list":["post-255","page","type-page","status-publish","hentry"],"acf":[],"_links":{"self":[{"href":"https:\/\/hausbroichtal.de\/fr\/wp-json\/wp\/v2\/pages\/255","targetHints":{"allow":["GET"]}}],"collection":[{"href":"https:\/\/hausbroichtal.de\/fr\/wp-json\/wp\/v2\/pages"}],"about":[{"href":"https:\/\/hausbroichtal.de\/fr\/wp-json\/wp\/v2\/types\/page"}],"author":[{"embeddable":true,"href":"https:\/\/hausbroichtal.de\/fr\/wp-json\/wp\/v2\/users\/1"}],"replies":[{"embeddable":true,"href":"https:\/\/hausbroichtal.de\/fr\/wp-json\/wp\/v2\/comments?post=255"}],"version-history":[{"count":2,"href":"https:\/\/hausbroichtal.de\/fr\/wp-json\/wp\/v2\/pages\/255\/revisions"}],"predecessor-version":[{"id":402,"href":"https:\/\/hausbroichtal.de\/fr\/wp-json\/wp\/v2\/pages\/255\/revisions\/402"}],"up":[{"embeddable":true,"href":"https:\/\/hausbroichtal.de\/fr\/wp-json\/wp\/v2\/pages\/293"}],"wp:attachment":[{"href":"https:\/\/hausbroichtal.de\/fr\/wp-json\/wp\/v2\/media?parent=255"}],"curies":[{"name":"wp","href":"https:\/\/api.w.org\/{rel}","templated":true}]}}